{"id":10220,"date":"2021-08-25T07:26:28","date_gmt":"2021-08-25T07:26:28","guid":{"rendered":"https:\/\/chefmichelasaragoni.com\/about\/"},"modified":"2026-01-15T10:27:50","modified_gmt":"2026-01-15T10:27:50","slug":"about","status":"publish","type":"page","link":"https:\/\/chefmichelasaragoni.com\/es\/about\/","title":{"rendered":"Sobre mi"},"content":{"rendered":"<div class=\"wpb-content-wrapper\"><p>[vc_row][vc_column][vc_empty_space height=\u00bb150px\u00bb woodmart_hide_large=\u00bb0&#8243; woodmart_hide_medium=\u00bb0&#8243; woodmart_hide_small=\u00bb0&#8243;][\/vc_column][\/vc_row][vc_row css=\u00bb.vc_custom_1629877038080{margin-bottom: 40px !important;}\u00bb mobile_bg_img_hidden=\u00bbno\u00bb tablet_bg_img_hidden=\u00bbno\u00bb woodmart_parallax=\u00bb0&#8243; woodmart_gradient_switch=\u00bbno\u00bb row_reverse_mobile=\u00bb1&#8243; row_reverse_tablet=\u00bb1&#8243; woodmart_disable_overflow=\u00bb0&#8243; wd_z_index=\u00bbno\u00bb woodmart_css_id=\u00bb6125f32826e3d\u00bb responsive_spacing=\u00bbeyJwYXJhbV90eXBlIjoid29vZG1hcnRfcmVzcG9uc2l2ZV9zcGFjaW5nIiwic2VsZWN0b3JfaWQiOiI2MTI1ZjMyODI2ZTNkIiwic2hvcnRjb2RlIjoidmNfcm93IiwiZGF0YSI6eyJ0YWJsZXQiOnt9LCJtb2JpbGUiOnsibWFyZ2luLWJvdHRvbSI6IjIwIn19fQ==\u00bb][vc_column css=\u00bb.vc_custom_1629877010833{margin-bottom: 40px !important;padding-top: 0px !important;}\u00bb mobile_bg_img_hidden=\u00bbno\u00bb tablet_bg_img_hidden=\u00bbno\u00bb woodmart_parallax=\u00bb0&#8243; woodmart_sticky_column=\u00bbfalse\u00bb parallax_scroll=\u00bbno\u00bb mobile_reset_margin=\u00bbno\u00bb tablet_reset_margin=\u00bbno\u00bb offset=\u00bbvc_col-lg-6 vc_col-md-6&#8243; wd_z_index=\u00bbno\u00bb woodmart_css_id=\u00bb6125f30edad72&#8243; responsive_spacing=\u00bbeyJwYXJhbV90eXBlIjoid29vZG1hcnRfcmVzcG9uc2l2ZV9zcGFjaW5nIiwic2VsZWN0b3JfaWQiOiI2MTI1ZjMwZWRhZDcyIiwic2hvcnRjb2RlIjoidmNfY29sdW1uIiwiZGF0YSI6eyJ0YWJsZXQiOnt9LCJtb2JpbGUiOnt9fX0=\u00bb]\t\t<div id=\"wd-673db468514fe\" class=\"wd-image wd-wpb wd-rs-673db468514fe text-left vc_custom_1732097140342\">\n\t\t\t\n\t\t\t<img loading=\"lazy\" decoding=\"async\" width=\"580\" height=\"580\" src=\"https:\/\/chefmichelasaragoni.com\/wp-content\/uploads\/2024\/11\/MokiHome1.jpg\" class=\"attachment-full size-full\" alt=\"\" srcset=\"https:\/\/chefmichelasaragoni.com\/wp-content\/uploads\/2024\/11\/MokiHome1.jpg 580w, https:\/\/chefmichelasaragoni.com\/wp-content\/uploads\/2024\/11\/MokiHome1-300x300.jpg 300w, https:\/\/chefmichelasaragoni.com\/wp-content\/uploads\/2024\/11\/MokiHome1-150x150.jpg 150w\" sizes=\"auto, (max-width: 580px) 100vw, 580px\" \/>\n\t\t\t\t\t<\/div>\n\t\t[\/vc_column][vc_column css=\u00bb.vc_custom_1629877027060{margin-bottom: 40px !important;padding-top: 40px !important;}\u00bb mobile_bg_img_hidden=\u00bbno\u00bb tablet_bg_img_hidden=\u00bbno\u00bb woodmart_parallax=\u00bb0&#8243; woodmart_sticky_column=\u00bbfalse\u00bb parallax_scroll=\u00bbno\u00bb mobile_reset_margin=\u00bbno\u00bb tablet_reset_margin=\u00bbno\u00bb offset=\u00bbvc_col-lg-offset-1 vc_col-lg-5 vc_col-md-6 vc_col-xs-12&#8243; wd_z_index=\u00bbno\u00bb woodmart_css_id=\u00bb6125f320eb687&#8243; responsive_spacing=\u00bbeyJwYXJhbV90eXBlIjoid29vZG1hcnRfcmVzcG9uc2l2ZV9zcGFjaW5nIiwic2VsZWN0b3JfaWQiOiI2MTI1ZjMyMGViNjg3Iiwic2hvcnRjb2RlIjoidmNfY29sdW1uIiwiZGF0YSI6eyJ0YWJsZXQiOnt9LCJtb2JpbGUiOnsicGFkZGluZy10b3AiOiIwIn19fQ==\u00bb]\n\t\t<div id=\"wd-65f86c6a74c29\" class=\"title-wrapper wd-wpb wd-set-mb reset-last-child  wd-rs-65f86c6a74c29 wd-title-color-primary wd-title-style-default text-left vc_custom_1710779508129 wd-underline-colored\">\n\t\t\t\t\t\t\t\n\t\t\t\t<div class=\"title-subtitle  subtitle-color-primary font-default subtitle-style-default wd-font-weight-600 wd-fontsize-xs\">CHEF MICHELA SARAGONI<\/div>\n\t\t\t\n\t\t\t<div class=\"liner-continer\">\n\t\t\t\t<h4 class=\"woodmart-title-container title  wd-font-weight- wd-fontsize-xxl\" >Sobre mi<\/h4>\n\t\t\t\t\t\t\t<\/div>\n\t\t\t\n\t\t\t\n\t\t\t\n\t\t<\/div>\n\t\t\n\t\t\t\t<div id=\"wd-6968c0a76f88c\" class=\"wd-text-block wd-wpb reset-last-child wd-rs-6968c0a76f88c hidden-lg text-left wd-width-enabled wd-fontsize-s vc_custom_1768472751338\" style=\"--wd-max-width: 90%;\">\n\t\t\t<p><em>Tengo una verdadera pasi\u00f3n por crear a trav\u00e9s de mi cocina la experiencia adecuada para cada persona y situaci\u00f3n.<\/em><\/p>\n\t\t<\/div>\n\t\t\t\t<div id=\"wd-6968c0ca8a8e2\" class=\"wd-text-block wd-wpb reset-last-child wd-rs-6968c0ca8a8e2 text-left wd-fontsize-custom vc_custom_1768472795963\">\n\t\t\t<p>Era arquitecto paisajista y daba clases en la Universidad de Florencia cuando, en 2008, tras una oportunidad repentina e inesperada, dej\u00e9 mi carrera para dedicarme a mis pasiones de toda la vida: la vela y la cocina. En 10 a\u00f1os a bordo de yates, he navegado m\u00e1s de 80.000 millas n\u00e1uticas alrededor del mundo, visitando algunos de los lugares m\u00e1s remotos y espectaculares del planeta y alojando a los hu\u00e9spedes y tripulaciones m\u00e1s diversos.<\/p>\n<p>En 2018, dej\u00e9 la vela y ahora resido en Mallorca, aunque sigo disponible para viajar por todo el mundo.<\/p>\n<p>En los yates, desarroll\u00e9 un amplio repertorio y una actitud muy flexible, junto con un gran enfoque en los altos est\u00e1ndares de calidad.<\/p>\n<p>Me apasiona crear, a trav\u00e9s de mi cocina, la experiencia perfecta para cada persona y situaci\u00f3n.<\/p>\n\t\t<\/div>\n\t\t[vc_separator color=\u00bbcustom\u00bb css=\u00bb.vc_custom_1615616514122{margin-bottom: 20px !important;padding-top: 10px !important;}\u00bb accent_color=\u00bbrgba(10,10,10,0.12)\u00bb][\/vc_column][\/vc_row][vc_row disable_element=\u00bbyes\u00bb woodmart_css_id=\u00bb657aed9c66603&#8243; responsive_spacing=\u00bbeyJwYXJhbV90eXBlIjoid29vZG1hcnRfcmVzcG9uc2l2ZV9zcGFjaW5nIiwic2VsZWN0b3JfaWQiOiI2NTdhZWQ5YzY2NjAzIiwic2hvcnRjb2RlIjoidmNfcm93IiwiZGF0YSI6eyJ0YWJsZXQiOnt9LCJtb2JpbGUiOnt9fX0=\u00bb mobile_bg_img_hidden=\u00bbno\u00bb tablet_bg_img_hidden=\u00bbno\u00bb woodmart_parallax=\u00bb0&#8243; woodmart_gradient_switch=\u00bbno\u00bb woodmart_box_shadow=\u00bbno\u00bb wd_z_index=\u00bbno\u00bb woodmart_disable_overflow=\u00bb0&#8243; row_reverse_mobile=\u00bb0&#8243; row_reverse_tablet=\u00bb0&#8243;][vc_column width=\u00bb1\/2&#8243; css=\u00bb.vc_custom_1615617895716{padding-top: 0px !important;}\u00bb mobile_bg_img_hidden=\u00bbno\u00bb tablet_bg_img_hidden=\u00bbno\u00bb woodmart_parallax=\u00bb0&#8243; woodmart_sticky_column=\u00bbfalse\u00bb parallax_scroll=\u00bbno\u00bb mobile_reset_margin=\u00bbno\u00bb tablet_reset_margin=\u00bbno\u00bb][vc_video poster_image=\u00bb5222&#8243; image_poster_switch=\u00bbyes\u00bb img_size=\u00bbfull\u00bb]\n\t\t<div id=\"wd-604c63b41733b\" class=\"title-wrapper wd-wpb wd-set-mb reset-last-child  wd-rs-604c63b41733b wd-title-color-default wd-title-style-default text-left vc_custom_1615618999087 wd-underline-colored\">\n\t\t\t\n\t\t\t<div class=\"liner-continer\">\n\t\t\t\t<h4 class=\"woodmart-title-container title  wd-font-weight- wd-fontsize-l\" >Our company history and facts<\/h4>\n\t\t\t\t\t\t\t<\/div>\n\t\t\t\n\t\t\t\n\t\t\t\n\t\t<\/div>\n\t\t\n\t\t\t\t<div id=\"wd-6125f26cceca6\" class=\"wd-text-block wd-wpb reset-last-child wd-rs-6125f26cceca6 text-left wd-width-custom wd-fontsize-s \">\n\t\t\t<p><em>I should be incapable of drawing a single stroke at the present moment; and yet I feel that I never was a greater artist than now.<\/em><\/p>\n\t\t<\/div>\n\t\t[\/vc_column][vc_column width=\u00bb1\/2&#8243; css=\u00bb.vc_custom_1629877093976{padding-top: 0px !important;}\u00bb mobile_bg_img_hidden=\u00bbno\u00bb tablet_bg_img_hidden=\u00bbno\u00bb woodmart_parallax=\u00bb0&#8243; woodmart_sticky_column=\u00bbfalse\u00bb parallax_scroll=\u00bbno\u00bb mobile_reset_margin=\u00bbno\u00bb tablet_reset_margin=\u00bbno\u00bb wd_z_index=\u00bbno\u00bb woodmart_css_id=\u00bb6125f363cf509&#8243; responsive_spacing=\u00bbeyJwYXJhbV90eXBlIjoid29vZG1hcnRfcmVzcG9uc2l2ZV9zcGFjaW5nIiwic2VsZWN0b3JfaWQiOiI2MTI1ZjM2M2NmNTA5Iiwic2hvcnRjb2RlIjoidmNfY29sdW1uIiwiZGF0YSI6eyJ0YWJsZXQiOnt9LCJtb2JpbGUiOnt9fX0=\u00bb][vc_video poster_image=\u00bb5223&#8243; image_poster_switch=\u00bbyes\u00bb img_size=\u00bbfull\u00bb]\n\t\t<div id=\"wd-604c63f4baeb6\" class=\"title-wrapper wd-wpb wd-set-mb reset-last-child  wd-rs-604c63f4baeb6 wd-title-color-default wd-title-style-default text-left vc_custom_1615619062292 wd-underline-colored\">\n\t\t\t\n\t\t\t<div class=\"liner-continer\">\n\t\t\t\t<h4 class=\"woodmart-title-container title  wd-font-weight- wd-fontsize-l\" >Design &amp; development process demonstration<\/h4>\n\t\t\t\t\t\t\t<\/div>\n\t\t\t\n\t\t\t\n\t\t\t\n\t\t<\/div>\n\t\t\n\t\t\t\t<div id=\"wd-6125f2c0e928f\" class=\"wd-text-block wd-wpb reset-last-child wd-rs-6125f2c0e928f text-left wd-width-custom wd-fontsize-s \">\n\t\t\t<p><em>A wonderful serenity has taken possession of my entire soul,like these sweet mornings of spring which I enjoy with my whole heart.<\/em><\/p>\n\t\t<\/div>\n\t\t[\/vc_column][\/vc_row][vc_row css=\u00bb.vc_custom_1768470219649{padding-top: 80px !important;}\u00bb woodmart_css_id=\u00bb6968b6bfde4fd\u00bb responsive_spacing=\u00bbeyJwYXJhbV90eXBlIjoid29vZG1hcnRfcmVzcG9uc2l2ZV9zcGFjaW5nIiwic2VsZWN0b3JfaWQiOiI2OTY4YjZiZmRlNGZkIiwic2hvcnRjb2RlIjoidmNfcm93IiwiZGF0YSI6eyJ0YWJsZXQiOnt9LCJtb2JpbGUiOnt9fX0=\u00bb mobile_bg_img_hidden=\u00bbno\u00bb tablet_bg_img_hidden=\u00bbno\u00bb woodmart_parallax=\u00bb0&#8243; woodmart_gradient_switch=\u00bbno\u00bb woodmart_box_shadow=\u00bbno\u00bb wd_z_index=\u00bbno\u00bb woodmart_disable_overflow=\u00bb0&#8243; row_reverse_mobile=\u00bb0&#8243; row_reverse_tablet=\u00bb0&#8243;][vc_column]\t\t<div id=\"wd-65671d2e8eb32\" class=\"wd-image wd-wpb wd-rs-65671d2e8eb32 text-center \">\n\t\t\t\n\t\t\t<img loading=\"lazy\" decoding=\"async\" width=\"100\" height=\"72\" src=\"https:\/\/chefmichelasaragoni.com\/wp-content\/uploads\/2021\/08\/food-image-rosemary-opt-100x72.png\" class=\"attachment-100x72 size-100x72\" alt=\"\" srcset=\"https:\/\/chefmichelasaragoni.com\/wp-content\/uploads\/2021\/08\/food-image-rosemary-opt-100x72.png 100w, https:\/\/chefmichelasaragoni.com\/wp-content\/uploads\/2021\/08\/food-image-rosemary-opt-97x69.png 97w\" sizes=\"auto, (max-width: 100px) 100vw, 100px\" \/>\n\t\t\t\t\t<\/div>\n\t\t[vc_empty_space height=\u00bb33px\u00bb woodmart_hide_large=\u00bb0&#8243; woodmart_hide_medium=\u00bb0&#8243; woodmart_hide_small=\u00bb0&#8243;]\t\t<div id=\"gallery_768\" class=\"wd-images-gallery wd-wpb wd-rs-6968c0f1b5529 photoswipe-images wd-carousel-container wd-wpb\" style=\"--wd-justify-content:center;--wd-align-items:center;\">\n\t\t\t\t\t\t\t<div class=\"wd-carousel-inner\">\n\t\t\t\n\t\t\t<div class=\" wd-carousel wd-grid\"data-speed=\"5000\" data-wrap=\"yes\" data-autoplay=\"yes\" data-autoheight=\"yes\" data-scroll_per_page=\"yes\" style=\"--wd-col-lg:3;--wd-col-md:3;--wd-col-sm:1;--wd-gap-lg:20px;--wd-gap-sm:10px;\">\n\t\t\t\t\t\t\t\t\t<div class=\"wd-carousel-wrap\">\n\t\t\t\t\n\t\t\t\t\t\t\t\t\t\t\t\t\t\t\t<div class=\"wd-gallery-item wd-carousel-item\">\n\t\t\t\t\t\t\t\t\t\t\t\t\t\t<a href=\"https:\/\/chefmichelasaragoni.com\/wp-content\/uploads\/2026\/01\/aboutme1.jpg\" data-elementor-open-lightbox=\"no\" data-index=\"1\" data-width=\"800\" data-height=\"599\" \n\t\t\t\t\t\t\t\t\t\t\t\t\t\t\t\t\t\t\t\t>\n\t\t\t\t\t\t\t\t\n\t\t\t\t\t\t\t\t<img loading=\"lazy\" decoding=\"async\" width=\"400\" height=\"300\" src=\"https:\/\/chefmichelasaragoni.com\/wp-content\/uploads\/2026\/01\/aboutme1-400x300.jpg\" class=\"wd-gallery-image image-1\" alt=\"\" srcset=\"https:\/\/chefmichelasaragoni.com\/wp-content\/uploads\/2026\/01\/aboutme1-400x300.jpg 400w, https:\/\/chefmichelasaragoni.com\/wp-content\/uploads\/2026\/01\/aboutme1-768x575.jpg 768w, https:\/\/chefmichelasaragoni.com\/wp-content\/uploads\/2026\/01\/aboutme1.jpg 800w\" sizes=\"auto, (max-width: 400px) 100vw, 400px\" \/>\n\t\t\t\t\t\t\t\t\t\t\t\t\t\t\t<\/a>\n\t\t\t\t\t\t\t\t\t\t\t\t<\/div>\n\t\t\t\t\t\t\t\t\t\t\t<div class=\"wd-gallery-item wd-carousel-item\">\n\t\t\t\t\t\t\t\t\t\t\t\t\t\t<a href=\"https:\/\/chefmichelasaragoni.com\/wp-content\/uploads\/2026\/01\/aboutme2.jpg\" data-elementor-open-lightbox=\"no\" data-index=\"2\" data-width=\"800\" data-height=\"600\" \n\t\t\t\t\t\t\t\t\t\t\t\t\t\t\t\t\t\t\t\t>\n\t\t\t\t\t\t\t\t\n\t\t\t\t\t\t\t\t<img loading=\"lazy\" decoding=\"async\" width=\"400\" height=\"300\" src=\"https:\/\/chefmichelasaragoni.com\/wp-content\/uploads\/2026\/01\/aboutme2-400x300.jpg\" class=\"wd-gallery-image image-2\" alt=\"\" srcset=\"https:\/\/chefmichelasaragoni.com\/wp-content\/uploads\/2026\/01\/aboutme2-400x300.jpg 400w, https:\/\/chefmichelasaragoni.com\/wp-content\/uploads\/2026\/01\/aboutme2-768x576.jpg 768w, https:\/\/chefmichelasaragoni.com\/wp-content\/uploads\/2026\/01\/aboutme2.jpg 800w\" sizes=\"auto, (max-width: 400px) 100vw, 400px\" \/>\n\t\t\t\t\t\t\t\t\t\t\t\t\t\t\t<\/a>\n\t\t\t\t\t\t\t\t\t\t\t\t<\/div>\n\t\t\t\t\t\t\t\t\t\t\t<div class=\"wd-gallery-item wd-carousel-item\">\n\t\t\t\t\t\t\t\t\t\t\t\t\t\t<a href=\"https:\/\/chefmichelasaragoni.com\/wp-content\/uploads\/2026\/01\/aboutme3.jpg\" data-elementor-open-lightbox=\"no\" data-index=\"3\" data-width=\"800\" data-height=\"534\" \n\t\t\t\t\t\t\t\t\t\t\t\t\t\t\t\t\t\t\t\t>\n\t\t\t\t\t\t\t\t\n\t\t\t\t\t\t\t\t<img loading=\"lazy\" decoding=\"async\" width=\"400\" height=\"267\" src=\"https:\/\/chefmichelasaragoni.com\/wp-content\/uploads\/2026\/01\/aboutme3-400x267.jpg\" class=\"wd-gallery-image image-3\" alt=\"\" srcset=\"https:\/\/chefmichelasaragoni.com\/wp-content\/uploads\/2026\/01\/aboutme3-400x267.jpg 400w, https:\/\/chefmichelasaragoni.com\/wp-content\/uploads\/2026\/01\/aboutme3-768x513.jpg 768w, https:\/\/chefmichelasaragoni.com\/wp-content\/uploads\/2026\/01\/aboutme3.jpg 800w\" sizes=\"auto, (max-width: 400px) 100vw, 400px\" \/>\n\t\t\t\t\t\t\t\t\t\t\t\t\t\t\t<\/a>\n\t\t\t\t\t\t\t\t\t\t\t\t<\/div>\n\t\t\t\t\t\t\t\t\t\t\t<div class=\"wd-gallery-item wd-carousel-item\">\n\t\t\t\t\t\t\t\t\t\t\t\t\t\t<a href=\"https:\/\/chefmichelasaragoni.com\/wp-content\/uploads\/2026\/01\/aboutme5.jpg\" data-elementor-open-lightbox=\"no\" data-index=\"4\" data-width=\"800\" data-height=\"600\" \n\t\t\t\t\t\t\t\t\t\t\t\t\t\t\t\t\t\t\t\t>\n\t\t\t\t\t\t\t\t\n\t\t\t\t\t\t\t\t<img loading=\"lazy\" decoding=\"async\" width=\"400\" height=\"300\" src=\"https:\/\/chefmichelasaragoni.com\/wp-content\/uploads\/2026\/01\/aboutme5-400x300.jpg\" class=\"wd-gallery-image image-4\" alt=\"\" srcset=\"https:\/\/chefmichelasaragoni.com\/wp-content\/uploads\/2026\/01\/aboutme5-400x300.jpg 400w, https:\/\/chefmichelasaragoni.com\/wp-content\/uploads\/2026\/01\/aboutme5-768x576.jpg 768w, https:\/\/chefmichelasaragoni.com\/wp-content\/uploads\/2026\/01\/aboutme5.jpg 800w\" sizes=\"auto, (max-width: 400px) 100vw, 400px\" \/>\n\t\t\t\t\t\t\t\t\t\t\t\t\t\t\t<\/a>\n\t\t\t\t\t\t\t\t\t\t\t\t<\/div>\n\t\t\t\t\t\t\t\t\t\t\t<div class=\"wd-gallery-item wd-carousel-item\">\n\t\t\t\t\t\t\t\t\t\t\t\t\t\t<a href=\"https:\/\/chefmichelasaragoni.com\/wp-content\/uploads\/2026\/01\/aboutme6.jpg\" data-elementor-open-lightbox=\"no\" data-index=\"5\" data-width=\"800\" data-height=\"600\" \n\t\t\t\t\t\t\t\t\t\t\t\t\t\t\t\t\t\t\t\t>\n\t\t\t\t\t\t\t\t\n\t\t\t\t\t\t\t\t<img loading=\"lazy\" decoding=\"async\" width=\"400\" height=\"300\" src=\"https:\/\/chefmichelasaragoni.com\/wp-content\/uploads\/2026\/01\/aboutme6-400x300.jpg\" class=\"wd-gallery-image image-5\" alt=\"\" srcset=\"https:\/\/chefmichelasaragoni.com\/wp-content\/uploads\/2026\/01\/aboutme6-400x300.jpg 400w, https:\/\/chefmichelasaragoni.com\/wp-content\/uploads\/2026\/01\/aboutme6-768x576.jpg 768w, https:\/\/chefmichelasaragoni.com\/wp-content\/uploads\/2026\/01\/aboutme6.jpg 800w\" sizes=\"auto, (max-width: 400px) 100vw, 400px\" \/>\n\t\t\t\t\t\t\t\t\t\t\t\t\t\t\t<\/a>\n\t\t\t\t\t\t\t\t\t\t\t\t<\/div>\n\t\t\t\t\t\t\t\t\t\t\t<div class=\"wd-gallery-item wd-carousel-item\">\n\t\t\t\t\t\t\t\t\t\t\t\t\t\t<a href=\"https:\/\/chefmichelasaragoni.com\/wp-content\/uploads\/2026\/01\/aboutme4.jpg\" data-elementor-open-lightbox=\"no\" data-index=\"6\" data-width=\"800\" data-height=\"599\" \n\t\t\t\t\t\t\t\t\t\t\t\t\t\t\t\t\t\t\t\t>\n\t\t\t\t\t\t\t\t\n\t\t\t\t\t\t\t\t<img loading=\"lazy\" decoding=\"async\" width=\"400\" height=\"300\" src=\"https:\/\/chefmichelasaragoni.com\/wp-content\/uploads\/2026\/01\/aboutme4-400x300.jpg\" class=\"wd-gallery-image image-6\" alt=\"\" srcset=\"https:\/\/chefmichelasaragoni.com\/wp-content\/uploads\/2026\/01\/aboutme4-400x300.jpg 400w, https:\/\/chefmichelasaragoni.com\/wp-content\/uploads\/2026\/01\/aboutme4-768x575.jpg 768w, https:\/\/chefmichelasaragoni.com\/wp-content\/uploads\/2026\/01\/aboutme4.jpg 800w\" sizes=\"auto, (max-width: 400px) 100vw, 400px\" \/>\n\t\t\t\t\t\t\t\t\t\t\t\t\t\t\t<\/a>\n\t\t\t\t\t\t\t\t\t\t\t\t<\/div>\n\t\t\t\t\t\t\t\t\t\n\t\t\t\t\t\t\t\t\t<\/div>\n\t\t\t\t\t\t\t<\/div>\n\n\t\t\t\t\t\t\t\t\t\t\t\t\t\t<div class=\"wd-nav-arrows wd-pos-sep wd-hover-1 wd-icon-1\">\n\t\t\t<div class=\"wd-btn-arrow wd-prev wd-disabled\">\n\t\t\t\t<div class=\"wd-arrow-inner\"><\/div>\n\t\t\t<\/div>\n\t\t\t<div class=\"wd-btn-arrow wd-next\">\n\t\t\t\t<div class=\"wd-arrow-inner\"><\/div>\n\t\t\t<\/div>\n\t\t<\/div>\n\t\t\t\t\t\t\n\t\t\t\t<\/div>\n\n\t\t\t\t\t\t<div class=\"wd-nav-pagin-wrap text-center wd-style-shape wd-hide-md-sm wd-hide-sm\">\n\t\t\t<ul class=\"wd-nav-pagin\"><\/ul>\n\t\t<\/div>\n\t\t\t\t\t\t\t\t\t\t\t<\/div>\n\t\t[\/vc_column][\/vc_row]<\/p>\n<\/div>","protected":false},"excerpt":{"rendered":"<p>[vc_row][vc_column][vc_empty_space height=\u00bb150px\u00bb woodmart_hide_large=\u00bb0&#8243; woodmart_hide_medium=\u00bb0&#8243; woodmart_hide_small=\u00bb0&#8243;][\/vc_column][\/vc_row][vc_row css=\u00bb.vc_custom_1629877038080{margin-bottom: 40px !important;}\u00bb mobile_bg_img_hidden=\u00bbno\u00bb tablet_bg_img_hidden=\u00bbno\u00bb woodmart_parallax=\u00bb0&#8243; woodmart_gradient_switch=\u00bbno\u00bb row_reverse_mobile=\u00bb1&#8243; row_reverse_tablet=\u00bb1&#8243; woodmart_disable_overflow=\u00bb0&#8243; wd_z_index=\u00bbno\u00bb woodmart_css_id=\u00bb6125f32826e3d\u00bb responsive_spacing=\u00bbeyJwYXJhbV90eXBlIjoid29vZG1hcnRfcmVzcG9uc2l2ZV9zcGFjaW5nIiwic2VsZWN0b3JfaWQiOiI2MTI1ZjMyODI2ZTNkIiwic2hvcnRjb2RlIjoidmNfcm93IiwiZGF0YSI6eyJ0YWJsZXQiOnt9LCJtb2JpbGUiOnsibWFyZ2luLWJvdHRvbSI6IjIwIn19fQ==\u00bb][vc_column css=\u00bb.vc_custom_1629877010833{margin-bottom: 40px<\/p>\n","protected":false},"author":1,"featured_media":0,"parent":0,"menu_order":0,"comment_status":"closed","ping_status":"closed","template":"","meta":{"_joinchat":[],"footnotes":""},"class_list":["post-10220","page","type-page","status-publish","hentry"],"_links":{"self":[{"href":"https:\/\/chefmichelasaragoni.com\/es\/wp-json\/wp\/v2\/pages\/10220","targetHints":{"allow":["GET"]}}],"collection":[{"href":"https:\/\/chefmichelasaragoni.com\/es\/wp-json\/wp\/v2\/pages"}],"about":[{"href":"https:\/\/chefmichelasaragoni.com\/es\/wp-json\/wp\/v2\/types\/page"}],"author":[{"embeddable":true,"href":"https:\/\/chefmichelasaragoni.com\/es\/wp-json\/wp\/v2\/users\/1"}],"replies":[{"embeddable":true,"href":"https:\/\/chefmichelasaragoni.com\/es\/wp-json\/wp\/v2\/comments?post=10220"}],"version-history":[{"count":9,"href":"https:\/\/chefmichelasaragoni.com\/es\/wp-json\/wp\/v2\/pages\/10220\/revisions"}],"predecessor-version":[{"id":10425,"href":"https:\/\/chefmichelasaragoni.com\/es\/wp-json\/wp\/v2\/pages\/10220\/revisions\/10425"}],"wp:attachment":[{"href":"https:\/\/chefmichelasaragoni.com\/es\/wp-json\/wp\/v2\/media?parent=10220"}],"curies":[{"name":"wp","href":"https:\/\/api.w.org\/{rel}","templated":true}]}}