{"id":10255,"date":"2023-11-21T09:41:13","date_gmt":"2023-11-21T09:41:13","guid":{"rendered":"https:\/\/chefmichelasaragoni.com\/privacy-policy\/"},"modified":"2024-03-19T09:54:43","modified_gmt":"2024-03-19T09:54:43","slug":"privacy-policy","status":"publish","type":"page","link":"https:\/\/chefmichelasaragoni.com\/es\/privacy-policy\/","title":{"rendered":"Pol\u00edtica de Privacidad"},"content":{"rendered":"<p>&nbsp;<\/p>\n<h2>\u00bfQUI\u00c9N ES EL RESPONSABLE DE ESTA WEB?<\/h2>\n<p><strong>Identidad del Responsable:<\/strong> MICHELA SARAGONI<br \/>\n<strong>Nombre comercial:<\/strong> CHEF MICHELA SARAGONI<br \/>\n<strong>NIF\/CIF:<\/strong> Y3769584J<br \/>\n<strong>Direcci\u00f3n:<\/strong> DISEMINADO 209, POLIGONO 17, PARCELA 209, 07140 SENCELLES<br \/>\n<strong>Correo electr\u00f3nico:<\/strong> michela.saragoni@gmail.com<br \/>\n<strong>Actividad:<\/strong> chef privado<br \/>\nDatos de contacto del responsable o representante, y del delegado de protecci\u00f3n de datos en su caso: DISEMINADO 209, POLIGONO 17, PARCELA 209, 07140 SENCELLES , michela.saragoni@gmail.com , +34 69440773<\/p>\n<p>&nbsp;<\/p>\n<p>&nbsp;<\/p>\n<h2>\u00bfQU\u00c9 DATOS PERSONALES SE RECOGEN EN ESTA WEB?<\/h2>\n<p>Para las finalidades establecidas en esta Pol\u00edtica de Privacidad, CHEF MICHELA SARAGONI} recaba y trata los Datos Personales que se detallan a continuaci\u00f3n, que depender\u00e1n de los diferentes productos o servicios que solicite en esta Web:<\/p>\n<p><strong>Datos identificativos:<\/strong> nombre, apellidos.<\/p>\n<p><strong>Datos de contacto<\/strong>: direcci\u00f3n postal, correo electr\u00f3nico, n\u00famero de tel\u00e9fono m\u00f3vil.<\/p>\n<p><em>\u00a0<\/em><\/p>\n<p>&nbsp;<\/p>\n<h2>\u00bfCON QUE BASE LEGAL SE TRATAN ESOS DATOS?<\/h2>\n<p>&nbsp;<\/p>\n<p>Tratamos tus datos personales con las siguientes bases legales:<br \/>\n\u2022 La ejecuci\u00f3n de un contrato con CHEF MICHELA SARAGONI, para la contrataci\u00f3n de servicios, publicar anuncios y gestionar los servicios solicitados.<\/p>\n<p>\u2022 El consentimiento del usuario en relaci\u00f3n al contacto, la suscripci\u00f3n a contenidos y el env\u00edo de comunicaciones comerciales, v\u00eda mail, cookies o sistemas de mensajer\u00eda.<\/p>\n<p>\u2022 El inter\u00e9s leg\u00edtimo del responsable del tratamiento para proteger a los usuarios de la web de CHEF MICHELA SARAGONI de abusos y fraudes en el uso de nuestros servicios.<\/p>\n<p>&nbsp;<\/p>\n<p>&nbsp;<\/p>\n<h2>\u00bfCON QUE FINALIDADES TRATAREMOS TUS DATOS?<\/h2>\n<p>En esta web, existe diferentes formularios, en cada uno de ellos, la informaci\u00f3n que recoja se utilizar\u00e1 de la siguiente manera:<\/p>\n<p>Formulario de contacto: Tambi\u00e9n existe un formulario de contacto para consultas, sugerencias o contacto profesional. En este caso se utilizar\u00e1 la direcci\u00f3n de correo electr\u00f3nico para responder a las mismas y enviar la informaci\u00f3n que el usuario requiera a trav\u00e9s de la web.<\/p>\n<p>&nbsp;<\/p>\n<p>&nbsp;<\/p>\n<h2>TIEMPO DE CONSERVACI\u00d3N DE LOS DATOS PERSONALES<\/h2>\n<p>Datos de los Clientes: El periodo de conservaci\u00f3n de los datos personales variar\u00e1 en funci\u00f3n del servicio que el Cliente contrate. En cualquier caso, ser\u00e1 el m\u00ednimo necesario, pudiendo mantenerse hasta:<\/p>\n<p>&#8211; 4 a\u00f1os: Ley sobre Infracciones y Sanciones en el Orden Social (obligaciones en materia de afiliaci\u00f3n, altas, bajas, cotizaci\u00f3n, pago de salarios\u2026); Arts. 66 y ss. Ley General Tributaria (libros de contabilidad\u2026).<\/p>\n<p>&#8211; 5 a\u00f1os: Art. 1964 del C\u00f3digo Civil (acciones personales sin plazo especial).<\/p>\n<p>&#8211; 6 a\u00f1os: Art. 30 del C\u00f3digo de Comercio (libros de contabilidad, facturas\u2026).<\/p>\n<p>&#8211; 10 a\u00f1os: Art. 25 de la Ley de Prevenci\u00f3n del Blanqueo de Capitales y Financiaci\u00f3n del Terrorismo.<\/p>\n<p>Datos de los suscriptores: Desde que el usuario se suscribe hasta que se da de baja.<\/p>\n<p>Datos de potenciales clientes: los datos se conservar\u00e1n en todo caso durante la vigencia de la relaci\u00f3n comercial establecida y, una vez concluida, dos a\u00f1os, a menos que el usuario solicite antes su supresi\u00f3n.<\/p>\n<p>&nbsp;<\/p>\n<h2>\u00bfCU\u00c1LES SON TUS DERECHOS EN LO QUE CONCIERNE AL USO DE TUS DATOS?<\/h2>\n<p>Cualquier persona tiene derecho a obtener confirmaci\u00f3n sobre si en CHEF MICHELA SARAGONI estamos tratando datos personales que le conciernen o no.<\/p>\n<p>Las personas interesadas tienen derecho a:<br \/>\n\u2022 Solicitar el acceso a los datos personales relativos al interesado.<br \/>\n\u2022 Solicitar su rectificaci\u00f3n o supresi\u00f3n.<br \/>\n\u2022 Solicitar su cancelaci\u00f3n.<br \/>\n\u2022 Solicitar la limitaci\u00f3n de su tratamiento.<br \/>\n\u2022 Oponerse al tratamiento.<br \/>\n\u2022 Solicitar la portabilidad de los datos.<\/p>\n<p>Si ha otorgado su consentimiento para alguna finalidad concreta, tiene derecho a retirar el consentimiento otorgado en cualquier momento, sin que ello afecte a la licitud del tratamiento basado en el consentimiento previo a su retirada.<\/p>\n<p>En caso de que sienta vulnerados sus derechos en lo concerniente a la protecci\u00f3n de sus datos personales, especialmente cuando no haya obtenido satisfacci\u00f3n en el ejercicio de sus derechos, puede presentar una reclamaci\u00f3n ante la Autoridad de Control en materia de Protecci\u00f3n de Datos competente a trav\u00e9s de su sitio web: https:\/\/www.aepd.es\/es<\/p>\n<p>Para ejercitar estos derechos, puede escribir a {michela.saragoni@gmail.com}.<\/p>\n<p>Existe un formulario para el ejercicio de sus derechos, lo puede pedir por email o si lo prefiere, puede usar los elaborados por la Agencia Espa\u00f1ola de Protecci\u00f3n de Datos o terceros.<\/p>\n<p>Estos formularios deben ir firmados electr\u00f3nicamente o ser acompa\u00f1ados de fotocopia del DNI.<\/p>\n<p>Si le representa alguien, debe adjuntar copia de su DNI, o debe estar firmado con su firma electr\u00f3nica.<\/p>\n<p>Los formularios pueden ser presentados presencialmente, enviados por carta o por mail a la direcci\u00f3n del responsable que aparece al inicio de este texto.<\/p>\n<p>&nbsp;<\/p>\n<p>&nbsp;<\/p>\n<h2>NOTIFICACI\u00d3N Y DECLARACI\u00d3N DE BRECHAS<\/h2>\n<p>&nbsp;<\/p>\n<p>Notificaci\u00f3n de seguridad y declaraci\u00f3n de brechas<br \/>\nEn MICHELA SARAGONI asumimos medidas de seguridad adecuadas al nivel de riesgo para proteger la informaci\u00f3n personal contra p\u00e9rdida, uso indebido y acceso no autorizado, divulgaci\u00f3n, alteraci\u00f3n y destrucci\u00f3n, teniendo en cuenta los riesgos que conlleva el procesamiento y la naturaleza de la informaci\u00f3n personal; no obstante, si MICHELA SARAGONI , determina que sus datos de servicios han sido malversados (incluso por un empleado de MICHELASARAGONI, se han visto expuestos por una brecha de seguridad o adquiridos de forma incorrecta por un tercero, MICHELASARAGONI te informar\u00e1 de inmediato de dicha brecha de seguridad, apropiaci\u00f3n o adquisici\u00f3n indebida.<\/p>\n<p>&nbsp;<\/p>\n<p>&nbsp;<\/p>\n<h2>\u00bfA QU\u00c9 DESTINATARIOS SE COMUNICAR\u00c1N TUS DATOS?<\/h2>\n<p>&nbsp;<\/p>\n<p>Muchas herramientas utilizadas en esta web para gestionar datos son contratadas por terceros. Para prestar servicios estrictamente necesarios para el desarrollo de la actividad, MICHELA SARAGONI comparte datos con los siguientes prestadores bajo sus correspondientes condiciones de privacidad:<br \/>\nProveedores de servicios externos (por ejemplo, servicios de procesamiento de pago, procesamiento de pedidos, an\u00e1lisis, gesti\u00f3n campa\u00f1as de marketing, gesti\u00f3n de sitios web, y distribuci\u00f3n de correo electr\u00f3nico y otros proveedores de servicios similares) a fin de que estos puedan realizar funciones comerciales en nombre de MICHELA SARAGONI.<br \/>\nPueden tener acceso a esta web de forma ocasional la empresa de desarrollo y mantenimiento web, o la de hosting. Las mismas tienen firmado un contrato de prestaci\u00f3n de servicios que les obliga a mantener el mismo nivel de privacidad que se aplica a los tratamientos realizados en esta web.<br \/>\nCualquier transferencia internacional de datos derivada de la utilizaci\u00f3n de herramientas o proveedores de servicios, estar\u00e1 adherida al convenio Privacy Shield, que garantiza que las empresas de software americano cumplen las pol\u00edticas de protecci\u00f3n de datos europeas en materia de privacidad, secreto y seguridad de los datos.<br \/>\nConcretamente esta web utiliza las siguientes herramientas:<\/p>\n<p>\u2022 Herramienta de email marketing: MAILCHIMP<br \/>\n\u2022 Herramienta de facturaci\u00f3n: FACTURASCLOUD<br \/>\n\u2022 Herramientas de an\u00e1lisis: GOOGLE ANALYTICS<br \/>\n\u2022 Herramienta de chat online: Whatsapp web<\/p>\n<p>&nbsp;<\/p>\n<h2><\/h2>\n<h2>SECRETO Y SEGURIDAD DE LOS DATOS<\/h2>\n<p>&nbsp;<\/p>\n<p>CHEFMICHELASARAGONI.COM se compromete al uso y tratamiento de los datos personales del usuario, respetando su confidencialidad, de acuerdo con la finalidad de aquellos; as\u00ed como a dar cumplimiento a su obligaci\u00f3n de guardarlos y adaptar todas las medidas para evitar la alteraci\u00f3n, p\u00e9rdida, tratamiento o acceso no autorizado, de conformidad con lo establecido en la normativa vigente de protecci\u00f3n de datos.<br \/>\n(Esta web incluye un certificado SSL. Se trata de un protocolo de seguridad que hace que tus datos viajen de manera \u00edntegra y segura; es decir, la transmisi\u00f3n de los datos entre un servidor y el usuario web, y en retroalimentaci\u00f3n es totalmente cifrada o encriptada.)<br \/>\nCHEFMICHELASARAGONI.COM no puede garantizar la absoluta inexpugnabilidad de la red Internet, ni, por tanto, la violaci\u00f3n de los datos mediante accesos fraudulentos a ellos por parte de terceros.<br \/>\nCon respecto a la confidencialidad del procesamiento, MICHELA SARAGONI se asegurar\u00e1 de que cualquier persona que est\u00e9 autorizada por MICHELA SARAGONI para procesar los datos del cliente (incluido su personal, colaboradores y prestadores), estar\u00e1 bajo la obligaci\u00f3n apropiada de confidencialidad (ya sea un deber contractual o legal).<br \/>\nCuando se presente alg\u00fan incidente de seguridad, al darse cuenta MICHELA SARAGONI deber\u00e1 notificar al Cliente sin demoras indebidas y deber\u00e1 proporcionar informaci\u00f3n oportuna relacionada con el Incidente de Seguridad tal como se conozca, o cuando el cliente lo solicite razonablemente.<\/p>\n<p>&nbsp;<\/p>\n<h2>EXACTITUD Y VERACIDAD DE LOS DATOS<\/h2>\n<p>Como usuario, eres el \u00fanico responsable de la veracidad y correcci\u00f3n de los datos que remitas a CHEFMICHELASARAGONI.COM, exonerando a MICHELA SARAGONI (CHEF MICHELA SARAGONI), de cualquier responsabilidad al respecto. Los usuarios garantizan y responden, en cualquier caso, de la exactitud, vigencia y autenticidad de los datos personales facilitados, y se comprometen a mantenerlos debidamente actualizados. El usuario acepta proporcionar informaci\u00f3n completa y correcta en el formulario de contacto o suscripci\u00f3n.<\/p>\n<p>&nbsp;<\/p>\n<h3>REVOCABILIDAD<\/h3>\n<p>El consentimiento prestado, tanto para el tratamiento como para la cesi\u00f3n de los datos de los interesados, es revocable en cualquier momento comunic\u00e1ndolo a MICHELA SARAGONI (CHEF MICHELA SARAGONI) en los t\u00e9rminos establecidos en esta Pol\u00edtica para el ejercicio de los derechos ARCO. Esta revocaci\u00f3n en ning\u00fan caso tendr\u00e1 car\u00e1cter retroactivo.<\/p>\n<h2>CAMBIOS EN LA POL\u00cdTICA DE PRIVACIDAD<\/h2>\n<p>MICHELA SARAGONI se reserva el derecho a modificar la presente pol\u00edtica para adaptarla a novedades legislativas o jurisprudenciales, as\u00ed como a pr\u00e1cticas de la industria. En dichos supuestos, anunciar\u00e1 en esta p\u00e1gina los cambios introducidos con razonable antelaci\u00f3n a su puesta en pr\u00e1ctica.<\/p>\n<p>&nbsp;<\/p>\n","protected":false},"excerpt":{"rendered":"<p>&nbsp; \u00bfQUI\u00c9N ES EL RESPONSABLE DE ESTA WEB? Identidad del Responsable: MICHELA SARAGONI Nombre comercial: CHEF MICHELA SARAGONI NIF\/CIF: Y3769584J<\/p>\n","protected":false},"author":1,"featured_media":0,"parent":0,"menu_order":0,"comment_status":"closed","ping_status":"open","template":"","meta":{"_joinchat":[],"footnotes":""},"class_list":["post-10255","page","type-page","status-publish","hentry"],"_links":{"self":[{"href":"https:\/\/chefmichelasaragoni.com\/es\/wp-json\/wp\/v2\/pages\/10255","targetHints":{"allow":["GET"]}}],"collection":[{"href":"https:\/\/chefmichelasaragoni.com\/es\/wp-json\/wp\/v2\/pages"}],"about":[{"href":"https:\/\/chefmichelasaragoni.com\/es\/wp-json\/wp\/v2\/types\/page"}],"author":[{"embeddable":true,"href":"https:\/\/chefmichelasaragoni.com\/es\/wp-json\/wp\/v2\/users\/1"}],"replies":[{"embeddable":true,"href":"https:\/\/chefmichelasaragoni.com\/es\/wp-json\/wp\/v2\/comments?post=10255"}],"version-history":[{"count":1,"href":"https:\/\/chefmichelasaragoni.com\/es\/wp-json\/wp\/v2\/pages\/10255\/revisions"}],"predecessor-version":[{"id":10256,"href":"https:\/\/chefmichelasaragoni.com\/es\/wp-json\/wp\/v2\/pages\/10255\/revisions\/10256"}],"wp:attachment":[{"href":"https:\/\/chefmichelasaragoni.com\/es\/wp-json\/wp\/v2\/media?parent=10255"}],"curies":[{"name":"wp","href":"https:\/\/api.w.org\/{rel}","templated":true}]}}